{"id":1108,"date":"2011-06-07T16:59:25","date_gmt":"2011-06-07T14:59:25","guid":{"rendered":"http:\/\/www.viinanen.org\/wordpress\/?page_id=1108"},"modified":"2011-06-07T19:09:48","modified_gmt":"2011-06-07T17:09:48","slug":"pihlajan-varjossa","status":"publish","type":"page","link":"https:\/\/viinanen.org\/wordpress\/pihlajan-varjossa\/","title":{"rendered":"Pihlajan varjossa"},"content":{"rendered":"<figure id=\"attachment_1119\" aria-describedby=\"caption-attachment-1119\" style=\"width: 462px\" class=\"wp-caption alignleft\"><a href=\"http:\/\/www.viinanen.org\/wordpress\/wp-content\/uploads\/2011\/06\/suontaka_pihlaja.jpg\"><img loading=\"lazy\" decoding=\"async\" class=\"size-full wp-image-1119\" title=\"Suontaan r\u00f6ykki\u00f6hauta ja kuppikivet\" src=\"http:\/\/www.viinanen.org\/wordpress\/wp-content\/uploads\/2011\/06\/suontaka_pihlaja.jpg\" alt=\"\" width=\"462\" height=\"700\" srcset=\"https:\/\/viinanen.org\/wordpress\/wp-content\/uploads\/2011\/06\/suontaka_pihlaja.jpg 462w, https:\/\/viinanen.org\/wordpress\/wp-content\/uploads\/2011\/06\/suontaka_pihlaja-198x300.jpg 198w, https:\/\/viinanen.org\/wordpress\/wp-content\/uploads\/2011\/06\/suontaka_pihlaja-330x500.jpg 330w\" sizes=\"auto, (max-width: 462px) 100vw, 462px\" \/><\/a><figcaption id=\"caption-attachment-1119\" class=\"wp-caption-text\">Suontaan r\u00f6ykki\u00f6hauta ja kuppikivet<\/figcaption><\/figure>\n<p>Ihmisten menneisyydess\u00e4 j\u00e4tt\u00e4m\u00e4t j\u00e4ljet ovat jokseenkin aina puhutelleet ja kiehtoneet minua. Niit\u00e4 saattaa l\u00f6yt\u00e4\u00e4 viel\u00e4kin. Uusia ja unohtuneita jos vain pys\u00e4htyy hetkeksi ja osaa katsoa. Suurin osa t\u00e4m\u00e4n ostakkeen alla liittyy rautakauteen ja aikaan jolloin maahamme rautaisella k\u00e4dell\u00e4 tuotu kristinusko ei viel\u00e4 ollut tukahduttanut ihan kaikkea.<\/p>\n<p>Kunnioitan entisaikojen uskomuksia sellaisenaan. En ota t\u00e4ll\u00e4 kantaa uskontoihin tai \u00a0new age pakanuuteen. Ne eiv\u00e4t puhuttele minua oikeastaan mill\u00e4\u00e4n tavalla.<\/p>\n<p>Kiinnostus on puhtaasti kiinostusta suomalaiseen historiaan ja varhaiskulttuuriin omine tapoineen ja uskomuksineen.<\/p>\n<p>Loistavana apuna kohteiden paikannuksessa ja esitietojen hankinnassa on <a title=\"Museoviraston rekisteriportaali\" href=\"http:\/\/kulttuuriymparisto.nba.fi\/netsovellus\/rekisteriportaali\/portti\/default.aspx\">Museoviraston rekisteriportaali<\/a> ja etenkin sen muinaismuistorekisteri.<\/p>\n<p>Olen my\u00f6s merkinnyt l\u00f6yt\u00e4m\u00e4ni kohteet <a title=\"openstreetmap.org\" href=\"http:\/\/www.openstreetmap.org\/\">Openstreetmap.org-kartalle<\/a><\/p>\n<p><a href=\"http:\/\/www.viinanen.org\/wordpress\/?cat=50\">Pihlajan varjossa<\/a><\/p>\n","protected":false},"excerpt":{"rendered":"<p>Ihmisten menneisyydess\u00e4 j\u00e4tt\u00e4m\u00e4t j\u00e4ljet ovat jokseenkin aina puhutelleet ja kiehtoneet minua. Niit\u00e4 saattaa l\u00f6yt\u00e4\u00e4 viel\u00e4kin. Uusia ja unohtuneita jos vain pys\u00e4htyy hetkeksi ja osaa katsoa. Suurin osa t\u00e4m\u00e4n ostakkeen alla liittyy rautakauteen ja aikaan jolloin maahamme rautaisella k\u00e4dell\u00e4 tuotu kristinusko &hellip;<\/p>\n<p class=\"read-more\"> <a class=\"more-link\" href=\"https:\/\/viinanen.org\/wordpress\/pihlajan-varjossa\/\"> <span class=\"screen-reader-text\">Pihlajan varjossa<\/span> Read More &raquo;<\/a><\/p>\n","protected":false},"author":1,"featured_media":0,"parent":0,"menu_order":0,"comment_status":"open","ping_status":"open","template":"","meta":{"footnotes":""},"class_list":["post-1108","page","type-page","status-publish","hentry"],"_links":{"self":[{"href":"https:\/\/viinanen.org\/wordpress\/wp-json\/wp\/v2\/pages\/1108","targetHints":{"allow":["GET"]}}],"collection":[{"href":"https:\/\/viinanen.org\/wordpress\/wp-json\/wp\/v2\/pages"}],"about":[{"href":"https:\/\/viinanen.org\/wordpress\/wp-json\/wp\/v2\/types\/page"}],"author":[{"embeddable":true,"href":"https:\/\/viinanen.org\/wordpress\/wp-json\/wp\/v2\/users\/1"}],"replies":[{"embeddable":true,"href":"https:\/\/viinanen.org\/wordpress\/wp-json\/wp\/v2\/comments?post=1108"}],"version-history":[{"count":4,"href":"https:\/\/viinanen.org\/wordpress\/wp-json\/wp\/v2\/pages\/1108\/revisions"}],"predecessor-version":[{"id":1120,"href":"https:\/\/viinanen.org\/wordpress\/wp-json\/wp\/v2\/pages\/1108\/revisions\/1120"}],"wp:attachment":[{"href":"https:\/\/viinanen.org\/wordpress\/wp-json\/wp\/v2\/media?parent=1108"}],"curies":[{"name":"wp","href":"https:\/\/api.w.org\/{rel}","templated":true}]}}