{"id":776,"date":"2009-02-19T13:15:50","date_gmt":"2009-02-19T11:15:50","guid":{"rendered":"http:\/\/www.myrskybongari.com\/wordpress\/?page_id=2"},"modified":"2021-02-21T14:38:57","modified_gmt":"2021-02-21T12:38:57","slug":"about-2","status":"publish","type":"page","link":"https:\/\/viinanen.org\/wordpress\/about-2\/","title":{"rendered":"Kirjoittaja"},"content":{"rendered":"\n<p><\/p>\n\n\n<p><img loading=\"lazy\" decoding=\"async\" class=\"alignleft  wp-image-2369\" src=\"https:\/\/viinanen.org\/wordpress\/wp-content\/uploads\/2021\/02\/timo20201223.jpg\" alt=\"\" width=\"187\" height=\"237\" srcset=\"https:\/\/viinanen.org\/wordpress\/wp-content\/uploads\/2021\/02\/timo20201223.jpg 1782w, https:\/\/viinanen.org\/wordpress\/wp-content\/uploads\/2021\/02\/timo20201223-237x300.jpg 237w, https:\/\/viinanen.org\/wordpress\/wp-content\/uploads\/2021\/02\/timo20201223-807x1024.jpg 807w, https:\/\/viinanen.org\/wordpress\/wp-content\/uploads\/2021\/02\/timo20201223-768x974.jpg 768w, https:\/\/viinanen.org\/wordpress\/wp-content\/uploads\/2021\/02\/timo20201223-1211x1536.jpg 1211w, https:\/\/viinanen.org\/wordpress\/wp-content\/uploads\/2021\/02\/timo20201223-1615x2048.jpg 1615w, https:\/\/viinanen.org\/wordpress\/wp-content\/uploads\/2021\/02\/timo20201223-100x127.jpg 100w, https:\/\/viinanen.org\/wordpress\/wp-content\/uploads\/2021\/02\/timo20201223-150x190.jpg 150w, https:\/\/viinanen.org\/wordpress\/wp-content\/uploads\/2021\/02\/timo20201223-200x254.jpg 200w, https:\/\/viinanen.org\/wordpress\/wp-content\/uploads\/2021\/02\/timo20201223-300x380.jpg 300w, https:\/\/viinanen.org\/wordpress\/wp-content\/uploads\/2021\/02\/timo20201223-450x571.jpg 450w, https:\/\/viinanen.org\/wordpress\/wp-content\/uploads\/2021\/02\/timo20201223-600x761.jpg 600w, https:\/\/viinanen.org\/wordpress\/wp-content\/uploads\/2021\/02\/timo20201223-900x1141.jpg 900w, https:\/\/viinanen.org\/wordpress\/wp-content\/uploads\/2021\/02\/timo20201223-552x700.jpg 552w\" sizes=\"auto, (max-width: 187px) 100vw, 187px\" \/>Vuonna 1974 syntynyt valtiolla t\u00f6iss\u00e4 oleva set\u00e4mies H\u00e4meest\u00e4.<\/p>\n<p>Tekniikka, koodaaminen, lukeminen, elektroniikka, t\u00e4htitiede, koneet ja laitteet, chilit, menneisyys, ulkona liikkuminen ja puuty\u00f6t kiinnostuksen kohteena. Luontosuhde on kohdallaan sill\u00e4 mets\u00e4ss\u00e4 tunnen olevani kotona.<\/p>\n<p><\/p>\n\n\n<p><\/p>\n","protected":false},"excerpt":{"rendered":"<p>Vuonna 1974 syntynyt valtiolla t\u00f6iss\u00e4 oleva set\u00e4mies H\u00e4meest\u00e4. Tekniikka, koodaaminen, lukeminen, elektroniikka, t\u00e4htitiede, koneet ja laitteet, chilit, menneisyys, ulkona liikkuminen ja puuty\u00f6t kiinnostuksen kohteena. Luontosuhde on kohdallaan sill\u00e4 mets\u00e4ss\u00e4 tunnen olevani kotona.<\/p>\n","protected":false},"author":1,"featured_media":0,"parent":0,"menu_order":0,"comment_status":"open","ping_status":"open","template":"","meta":{"footnotes":""},"class_list":["post-776","page","type-page","status-publish","hentry"],"_links":{"self":[{"href":"https:\/\/viinanen.org\/wordpress\/wp-json\/wp\/v2\/pages\/776","targetHints":{"allow":["GET"]}}],"collection":[{"href":"https:\/\/viinanen.org\/wordpress\/wp-json\/wp\/v2\/pages"}],"about":[{"href":"https:\/\/viinanen.org\/wordpress\/wp-json\/wp\/v2\/types\/page"}],"author":[{"embeddable":true,"href":"https:\/\/viinanen.org\/wordpress\/wp-json\/wp\/v2\/users\/1"}],"replies":[{"embeddable":true,"href":"https:\/\/viinanen.org\/wordpress\/wp-json\/wp\/v2\/comments?post=776"}],"version-history":[{"count":11,"href":"https:\/\/viinanen.org\/wordpress\/wp-json\/wp\/v2\/pages\/776\/revisions"}],"predecessor-version":[{"id":2389,"href":"https:\/\/viinanen.org\/wordpress\/wp-json\/wp\/v2\/pages\/776\/revisions\/2389"}],"wp:attachment":[{"href":"https:\/\/viinanen.org\/wordpress\/wp-json\/wp\/v2\/media?parent=776"}],"curies":[{"name":"wp","href":"https:\/\/api.w.org\/{rel}","templated":true}]}}